{"id":12,"date":"2023-10-30T18:24:08","date_gmt":"2023-10-30T17:24:08","guid":{"rendered":"https:\/\/centrumwyzwolenie.pl\/?page_id=12"},"modified":"2023-10-30T18:24:08","modified_gmt":"2023-10-30T17:24:08","slug":"odkrywanie-siebie-dzieki-psychoterapii","status":"publish","type":"page","link":"https:\/\/centrumwyzwolenie.pl\/?page_id=12","title":{"rendered":"Odkrywanie siebie dzi\u0119ki psychoterapii"},"content":{"rendered":"\n<p>Odkrywanie siebie dzi\u0119ki psychoterapii<\/p>\n\n\n\n<p>Psychoterapia to jak ekspedycja w nieznane rejony w\u0142asnego umys\u0142u, podr\u00f3\u017c, kt\u00f3rej celem jest g\u0142\u0119bsze zrozumienie samego siebie i odkrycie skarb\u00f3w wewn\u0119trznej harmonii. To spotkanie z profesjonalnym przewodnikiem &#8211; terapeut\u0105, kt\u00f3ry towarzyszy Ci na ka\u017cdym etapie tej podr\u00f3\u017cy, pomagaj\u0105c odnale\u017a\u0107 odpowiedzi na dr\u0119cz\u0105ce pytania i wskazuj\u0105c drog\u0119 do zdrowia psychicznego.<\/p>\n\n\n\n<p>Czym jest dla nas psychoterapia?<\/p>\n\n\n\n<p>To przede wszystkim przestrze\u0144 zaufania i wsparcia. To proces, podczas kt\u00f3rego razem odkrywacie mechanizmy dzia\u0142ania Twojego umys\u0142u, ucz\u0105c si\u0119 lepiej rozumie\u0107 swoje uczucia, reakcje i post\u0119powania. Dzi\u0119ki temu zdobywasz narz\u0119dzia, kt\u00f3re pozwol\u0105 Ci lepiej radzi\u0107 sobie w codziennym \u017cyciu i czerpa\u0107 z niego wi\u0119cej rado\u015bci.<\/p>\n\n\n\n<p>Dlaczego warto skorzysta\u0107 z naszych us\u0142ug?<\/p>\n\n\n\n<p>Bo warto dba\u0107 o siebie na ka\u017cdym poziomie &#8211; zar\u00f3wno fizycznym, jak i psychicznym. Nasza psychoterapia to propozycja dla wszystkich, kt\u00f3rzy pragn\u0105 g\u0142\u0119bszego zrozumienia siebie, chc\u0105 budowa\u0107 zdrowsze relacje z bliskimi czy poszukuj\u0105 sposob\u00f3w na radzenie sobie z codziennymi trudno\u015bciami. Jeste\u015bmy tu, by Ci w tym pom\u00f3c.<\/p>\n\n\n\n<p>Jak pracujemy?<\/p>\n\n\n\n<p>Stosujemy r\u00f3\u017cnorodne metody pracy, dostosowane do indywidualnych potrzeb ka\u017cdej osoby. Oferujemy sesje indywidualne, grupowe oraz dla par. Nasza ekipa sk\u0142ada si\u0119 z terapeut\u00f3w specjalizuj\u0105cych si\u0119 w r\u00f3\u017cnych podej\u015bciach &#8211; od terapii psychodynamicznej, przez systemow\u0105, a\u017c po humanistyczn\u0105. Dzi\u0119ki temu z pewno\u015bci\u0105 znajdziesz u nas wsparcie, kt\u00f3re b\u0119dzie dla Ciebie najlepsze.<\/p>\n","protected":false},"excerpt":{"rendered":"<p>Odkrywanie siebie dzi\u0119ki psychoterapii Psychoterapia to jak ekspedycja w nieznane rejony w\u0142asnego umys\u0142u, podr\u00f3\u017c, kt\u00f3rej celem jest g\u0142\u0119bsze zrozumienie samego siebie i odkrycie skarb\u00f3w wewn\u0119trznej harmonii. To spotkanie z profesjonalnym przewodnikiem &#8211; terapeut\u0105, kt\u00f3ry towarzyszy Ci na ka\u017cdym etapie tej podr\u00f3\u017cy, pomagaj\u0105c odnale\u017a\u0107 odpowiedzi na dr\u0119cz\u0105ce pytania i wskazuj\u0105c drog\u0119 do zdrowia psychicznego. Czym jest&hellip; <a class=\"more-link\" href=\"https:\/\/centrumwyzwolenie.pl\/?page_id=12\">Continue reading <span class=\"screen-reader-text\">Odkrywanie siebie dzi\u0119ki psychoterapii<\/span><\/a><\/p>\n","protected":false},"author":1,"featured_media":0,"parent":0,"menu_order":0,"comment_status":"closed","ping_status":"closed","template":"","meta":{"footnotes":""},"class_list":["post-12","page","type-page","status-publish","hentry","entry"],"_links":{"self":[{"href":"https:\/\/centrumwyzwolenie.pl\/index.php?rest_route=\/wp\/v2\/pages\/12","targetHints":{"allow":["GET"]}}],"collection":[{"href":"https:\/\/centrumwyzwolenie.pl\/index.php?rest_route=\/wp\/v2\/pages"}],"about":[{"href":"https:\/\/centrumwyzwolenie.pl\/index.php?rest_route=\/wp\/v2\/types\/page"}],"author":[{"embeddable":true,"href":"https:\/\/centrumwyzwolenie.pl\/index.php?rest_route=\/wp\/v2\/users\/1"}],"replies":[{"embeddable":true,"href":"https:\/\/centrumwyzwolenie.pl\/index.php?rest_route=%2Fwp%2Fv2%2Fcomments&post=12"}],"version-history":[{"count":1,"href":"https:\/\/centrumwyzwolenie.pl\/index.php?rest_route=\/wp\/v2\/pages\/12\/revisions"}],"predecessor-version":[{"id":13,"href":"https:\/\/centrumwyzwolenie.pl\/index.php?rest_route=\/wp\/v2\/pages\/12\/revisions\/13"}],"wp:attachment":[{"href":"https:\/\/centrumwyzwolenie.pl\/index.php?rest_route=%2Fwp%2Fv2%2Fmedia&parent=12"}],"curies":[{"name":"wp","href":"https:\/\/api.w.org\/{rel}","templated":true}]}}